{"id":125,"date":"2025-06-11T19:22:24","date_gmt":"2025-06-11T17:22:24","guid":{"rendered":"http:\/\/db-coatings.eu\/index.php\/home\/"},"modified":"2025-08-11T10:08:00","modified_gmt":"2025-08-11T08:08:00","slug":"home","status":"publish","type":"page","link":"https:\/\/db-coatings.eu\/","title":{"rendered":"Home"},"content":{"rendered":"\t\t<div data-elementor-type=\"wp-post\" data-elementor-id=\"125\" class=\"elementor elementor-125\">\n\t\t\t\t<div class=\"elementor-element elementor-element-094be62 e-con-full e-flex e-con e-parent\" data-id=\"094be62\" data-element_type=\"container\" data-settings=\"{&quot;background_background&quot;:&quot;classic&quot;}\">\n\t\t<div class=\"elementor-element elementor-element-03016dc e-con-full e-flex e-con e-child\" data-id=\"03016dc\" data-element_type=\"container\">\n\t\t\t\t<\/div>\n\t\t\t\t<\/div>\n\t\t<div class=\"elementor-element elementor-element-d86f416 e-flex e-con-boxed e-con e-parent\" data-id=\"d86f416\" data-element_type=\"container\" data-settings=\"{&quot;background_background&quot;:&quot;gradient&quot;}\">\n\t\t\t\t\t<div class=\"e-con-inner\">\n\t\t<div class=\"elementor-element elementor-element-e2a66dd e-con-full e-flex e-con e-child\" data-id=\"e2a66dd\" data-element_type=\"container\">\n\t\t\t\t<div class=\"elementor-element elementor-element-e81b91b elementor-widget elementor-widget-hfe-infocard\" data-id=\"e81b91b\" data-element_type=\"widget\" data-widget_type=\"hfe-infocard.default\">\n\t\t\t\t<div class=\"elementor-widget-container\">\n\t\t\t\t\t\n\t\t<div class=\"hfe-infocard\">\n\t\t\t\t\t\t\t\t\t<div class=\"hfe-infocard-title-wrap\">\n\t\t\t\t<h2 class=\"hfe-infocard-title elementor-inline-editing\" data-elementor-setting-key=\"infocard_title\" data-elementor-inline-editing-toolbar=\"basic\" >DB-Coatings \u2013 Farby proszkowe<\/h2>\t\t\t<\/div>\n\t\t\t\t\t\t<div class=\"hfe-infocard-text-wrap\">\n\t\t\t\t<div class=\"hfe-infocard-text elementor-inline-editing\" data-elementor-setting-key=\"infocard_description\" data-elementor-inline-editing-toolbar=\"advanced\">\n\t\t\t\t\t<h4>\nNie pytaj sk\u0105d mamy tyle proszku \u2013 zapytaj, w jakim kolorze.<\/h4>\t\t\t\t<\/div>\n\t\t\t\t\t\t\t<\/div>\n\t\t<\/div>\n\n\t\t\t\t\t\t<\/div>\n\t\t\t\t<\/div>\n\t\t\t\t<div class=\"elementor-element elementor-element-fb44a5d elementor-widget elementor-widget-text-editor\" data-id=\"fb44a5d\" data-element_type=\"widget\" data-widget_type=\"text-editor.default\">\n\t\t\t\t<div class=\"elementor-widget-container\">\n\t\t\t\t\t\t\t\t\t<p>Nasza oferta to nie tylko szeroka gama farb proszkowych, ale r\u00f3wnie\u017c fachowe doradztwo, szybka obs\u0142uga i konkurencyjne ceny.\u00a0<\/p><p>Obs\u0142ugujemy klient\u00f3w indywidualnych, przemys\u0142 oraz lakiernie na ca\u0142ym \u015bwiecie.<\/p>\t\t\t\t\t\t\t\t<\/div>\n\t\t\t\t<\/div>\n\t\t\t\t<div class=\"elementor-element elementor-element-3a49ba8 elementor-align-center elementor-widget elementor-widget-button\" data-id=\"3a49ba8\" data-element_type=\"widget\" data-widget_type=\"button.default\">\n\t\t\t\t<div class=\"elementor-widget-container\">\n\t\t\t\t\t\t\t\t\t<div class=\"elementor-button-wrapper\">\n\t\t\t\t\t<a class=\"elementor-button elementor-button-link elementor-size-sm\" href=\"#\">\n\t\t\t\t\t\t<span class=\"elementor-button-content-wrapper\">\n\t\t\t\t\t\t\t\t\t<span class=\"elementor-button-text\">Czytaj wi\u0119cej<\/span>\n\t\t\t\t\t<\/span>\n\t\t\t\t\t<\/a>\n\t\t\t\t<\/div>\n\t\t\t\t\t\t\t\t<\/div>\n\t\t\t\t<\/div>\n\t\t\t\t<\/div>\n\t\t\t\t\t<\/div>\n\t\t\t\t<\/div>\n\t\t<div class=\"elementor-element elementor-element-dae2285 e-flex e-con-boxed e-con e-parent\" data-id=\"dae2285\" data-element_type=\"container\" data-settings=\"{&quot;background_background&quot;:&quot;classic&quot;}\">\n\t\t\t\t\t<div class=\"e-con-inner\">\n\t\t<div class=\"elementor-element elementor-element-1cc0575 e-con-full e-flex e-con e-child\" data-id=\"1cc0575\" data-element_type=\"container\" data-settings=\"{&quot;background_background&quot;:&quot;classic&quot;}\">\n\t\t\t\t<div class=\"elementor-element elementor-element-be32a2f elementor-widget elementor-widget-heading\" data-id=\"be32a2f\" data-element_type=\"widget\" data-widget_type=\"heading.default\">\n\t\t\t\t<div class=\"elementor-widget-container\">\n\t\t\t\t\t<h5 class=\"elementor-heading-title elementor-size-default\">Us\u0142ugi<\/h5>\t\t\t\t<\/div>\n\t\t\t\t<\/div>\n\t\t\t\t<div class=\"elementor-element elementor-element-30da512 elementor-widget elementor-widget-heading\" data-id=\"30da512\" data-element_type=\"widget\" data-widget_type=\"heading.default\">\n\t\t\t\t<div class=\"elementor-widget-container\">\n\t\t\t\t\t<h3 class=\"elementor-heading-title elementor-size-default\">Us\u0142ugi, Kt\u00f3re Wspieraj\u0105 Tw\u00f3j Proces Lakierniczy\n\n<\/h3>\t\t\t\t<\/div>\n\t\t\t\t<\/div>\n\t\t\t\t<div class=\"elementor-element elementor-element-d00ddeb elementor-widget-divider--view-line elementor-widget elementor-widget-divider\" data-id=\"d00ddeb\" data-element_type=\"widget\" data-widget_type=\"divider.default\">\n\t\t\t\t<div class=\"elementor-widget-container\">\n\t\t\t\t\t\t\t<div class=\"elementor-divider\">\n\t\t\t<span class=\"elementor-divider-separator\">\n\t\t\t\t\t\t<\/span>\n\t\t<\/div>\n\t\t\t\t\t\t<\/div>\n\t\t\t\t<\/div>\n\t\t\t\t<div class=\"elementor-element elementor-element-c2b1ea4 elementor-widget elementor-widget-image-box\" data-id=\"c2b1ea4\" data-element_type=\"widget\" data-widget_type=\"image-box.default\">\n\t\t\t\t<div class=\"elementor-widget-container\">\n\t\t\t\t\t<div class=\"elementor-image-box-wrapper\"><div class=\"elementor-image-box-content\"><h4 class=\"elementor-image-box-title\"><strong data-start=\"895\" data-end=\"948\">Dob\u00f3r Kolor\u00f3w, Malowanie Pr\u00f3bek, Sprzeda\u017c Sprz\u0119tu<\/strong><\/h4><p class=\"elementor-image-box-description\">Pomagamy w doborze koloru, wykonujemy pr\u00f3bki oraz oferujemy profesjonalne aplikatory i akcesoria lakiernicze.<\/p><\/div><\/div>\t\t\t\t<\/div>\n\t\t\t\t<\/div>\n\t\t\t\t<div class=\"elementor-element elementor-element-421d9aa elementor-widget-divider--view-line elementor-widget elementor-widget-divider\" data-id=\"421d9aa\" data-element_type=\"widget\" data-widget_type=\"divider.default\">\n\t\t\t\t<div class=\"elementor-widget-container\">\n\t\t\t\t\t\t\t<div class=\"elementor-divider\">\n\t\t\t<span class=\"elementor-divider-separator\">\n\t\t\t\t\t\t<\/span>\n\t\t<\/div>\n\t\t\t\t\t\t<\/div>\n\t\t\t\t<\/div>\n\t\t\t\t<div class=\"elementor-element elementor-element-4314198 elementor-widget elementor-widget-image-box\" data-id=\"4314198\" data-element_type=\"widget\" data-widget_type=\"image-box.default\">\n\t\t\t\t<div class=\"elementor-widget-container\">\n\t\t\t\t\t<div class=\"elementor-image-box-wrapper\"><div class=\"elementor-image-box-content\"><h4 class=\"elementor-image-box-title\"><strong data-start=\"1067\" data-end=\"1101\">Farby Z Certyfikatem QUALICOAT<\/strong><\/h4><p class=\"elementor-image-box-description\">Metaliczne, do felg, na aluminium czy do zabezpiecze\u0144 antykorozyjnych \u2013 wyb\u00f3r zgodny z Twoimi wymaganiami.<span style=\"font-style: inherit;font-weight: inherit\"><\/span><\/p><\/p><\/div><\/div>\t\t\t\t<\/div>\n\t\t\t\t<\/div>\n\t\t\t\t<div class=\"elementor-element elementor-element-0fd6a21 elementor-widget-divider--view-line elementor-widget elementor-widget-divider\" data-id=\"0fd6a21\" data-element_type=\"widget\" data-widget_type=\"divider.default\">\n\t\t\t\t<div class=\"elementor-widget-container\">\n\t\t\t\t\t\t\t<div class=\"elementor-divider\">\n\t\t\t<span class=\"elementor-divider-separator\">\n\t\t\t\t\t\t<\/span>\n\t\t<\/div>\n\t\t\t\t\t\t<\/div>\n\t\t\t\t<\/div>\n\t\t\t\t<div class=\"elementor-element elementor-element-da7fbf2 elementor-widget elementor-widget-image-box\" data-id=\"da7fbf2\" data-element_type=\"widget\" data-widget_type=\"image-box.default\">\n\t\t\t\t<div class=\"elementor-widget-container\">\n\t\t\t\t\t<div class=\"elementor-image-box-wrapper\"><div class=\"elementor-image-box-content\"><h4 class=\"elementor-image-box-title\"><strong data-start=\"1217\" data-end=\"1265\">Ekspresowa Dostawa i Profesjonalne Doradztwo<\/strong><\/h4><p class=\"elementor-image-box-description\">Dzi\u0119ki du\u017cemu magazynowi oraz znajomo\u015bci bran\u017cy realizujemy zam\u00f3wienia b\u0142yskawicznie i skutecznie.<br><\/p><\/p><\/div><\/div>\t\t\t\t<\/div>\n\t\t\t\t<\/div>\n\t\t\t\t<\/div>\n\t\t<div class=\"elementor-element elementor-element-2f4db7f e-con-full e-flex e-con e-child\" data-id=\"2f4db7f\" data-element_type=\"container\">\n\t\t\t\t<div class=\"elementor-element elementor-element-9d60f4d elementor-widget elementor-widget-heading\" data-id=\"9d60f4d\" data-element_type=\"widget\" data-widget_type=\"heading.default\">\n\t\t\t\t<div class=\"elementor-widget-container\">\n\t\t\t\t\t<h2 class=\"elementor-heading-title elementor-size-default\"><strong data-start=\"1373\" data-end=\"1409\">Globalny Zasi\u0119g, Lokalna Obs\u0142uga<\/strong><\/h2>\t\t\t\t<\/div>\n\t\t\t\t<\/div>\n\t\t\t\t<\/div>\n\t\t\t\t\t<\/div>\n\t\t\t\t<\/div>\n\t\t<div class=\"elementor-element elementor-element-fc1c9ac e-flex e-con-boxed e-con e-parent\" data-id=\"fc1c9ac\" data-element_type=\"container\" data-settings=\"{&quot;background_background&quot;:&quot;gradient&quot;}\">\n\t\t\t\t\t<div class=\"e-con-inner\">\n\t\t<div class=\"elementor-element elementor-element-688a7e5 e-con-full e-flex e-con e-child\" data-id=\"688a7e5\" data-element_type=\"container\">\n\t\t\t\t<div class=\"elementor-element elementor-element-ea40bcf elementor-widget elementor-widget-heading\" data-id=\"ea40bcf\" data-element_type=\"widget\" data-widget_type=\"heading.default\">\n\t\t\t\t<div class=\"elementor-widget-container\">\n\t\t\t\t\t<h5 class=\"elementor-heading-title elementor-size-default\">Projekty<\/h5>\t\t\t\t<\/div>\n\t\t\t\t<\/div>\n\t\t\t\t<div class=\"elementor-element elementor-element-ca5e889 elementor-widget elementor-widget-heading\" data-id=\"ca5e889\" data-element_type=\"widget\" data-widget_type=\"heading.default\">\n\t\t\t\t<div class=\"elementor-widget-container\">\n\t\t\t\t\t<h2 class=\"elementor-heading-title elementor-size-default\">Zastosowanie Naszych Farb\n\n<\/h2>\t\t\t\t<\/div>\n\t\t\t\t<\/div>\n\t\t<div class=\"elementor-element elementor-element-8e68b1a e-flex e-con-boxed e-con e-child\" data-id=\"8e68b1a\" data-element_type=\"container\">\n\t\t\t\t\t<div class=\"e-con-inner\">\n\t\t\t\t<div class=\"elementor-element elementor-element-c026ea0 elementor-widget__width-initial elementor-widget-mobile__width-inherit elementor-position-top elementor-widget elementor-widget-image-box\" data-id=\"c026ea0\" data-element_type=\"widget\" data-widget_type=\"image-box.default\">\n\t\t\t\t<div class=\"elementor-widget-container\">\n\t\t\t\t\t<div class=\"elementor-image-box-wrapper\"><figure class=\"elementor-image-box-img\"><img fetchpriority=\"high\" decoding=\"async\" width=\"812\" height=\"1280\" src=\"https:\/\/db-coatings.eu\/wp-content\/uploads\/2025\/06\/g67d7c03261d89e16885f08da396190e2643c032908487133189cd6f4b418d72d68e0b45e62b91ee1503f231ceed62942a68066ce1d180b1bf36e69c65605d484_1280-3777233.jpg\" class=\"attachment-full size-full wp-image-987\" alt=\"rims, tyres, amg, mercedes, wheels, black, leafs\" srcset=\"https:\/\/db-coatings.eu\/wp-content\/uploads\/2025\/06\/g67d7c03261d89e16885f08da396190e2643c032908487133189cd6f4b418d72d68e0b45e62b91ee1503f231ceed62942a68066ce1d180b1bf36e69c65605d484_1280-3777233.jpg 812w, https:\/\/db-coatings.eu\/wp-content\/uploads\/2025\/06\/g67d7c03261d89e16885f08da396190e2643c032908487133189cd6f4b418d72d68e0b45e62b91ee1503f231ceed62942a68066ce1d180b1bf36e69c65605d484_1280-3777233-190x300.jpg 190w, https:\/\/db-coatings.eu\/wp-content\/uploads\/2025\/06\/g67d7c03261d89e16885f08da396190e2643c032908487133189cd6f4b418d72d68e0b45e62b91ee1503f231ceed62942a68066ce1d180b1bf36e69c65605d484_1280-3777233-650x1024.jpg 650w, https:\/\/db-coatings.eu\/wp-content\/uploads\/2025\/06\/g67d7c03261d89e16885f08da396190e2643c032908487133189cd6f4b418d72d68e0b45e62b91ee1503f231ceed62942a68066ce1d180b1bf36e69c65605d484_1280-3777233-768x1211.jpg 768w\" sizes=\"(max-width: 812px) 100vw, 812px\" \/><\/figure><div class=\"elementor-image-box-content\"><h4 class=\"elementor-image-box-title\">Malowanie Felg Sportowych<\/h4><p class=\"elementor-image-box-description\"><p data-start=\"1723\" data-end=\"1825\">Farba odporna na warunki drogowe, wysok\u0105 temperatur\u0119 i uszkodzenia.<span style=\"font-style: inherit;font-weight: inherit\"><\/span><\/p><\/p><\/div><\/div>\t\t\t\t<\/div>\n\t\t\t\t<\/div>\n\t\t\t\t<div class=\"elementor-element elementor-element-0fc7785 elementor-widget__width-initial elementor-widget-mobile__width-inherit elementor-position-top elementor-widget elementor-widget-image-box\" data-id=\"0fc7785\" data-element_type=\"widget\" data-widget_type=\"image-box.default\">\n\t\t\t\t<div class=\"elementor-widget-container\">\n\t\t\t\t\t<div class=\"elementor-image-box-wrapper\"><figure class=\"elementor-image-box-img\"><img decoding=\"async\" width=\"719\" height=\"1280\" src=\"https:\/\/db-coatings.eu\/wp-content\/uploads\/2025\/06\/g054351478f6150097fa7ed2b5a66ac8667abbd638f005ca3288b2f9b8274c9a5fcf88e8aa7a356de1895cfd82a3dae9a7f8aaafcebd02576cf22fcb46c55b331_1280-7122932.jpg\" class=\"attachment-full size-full wp-image-984\" alt=\"windows, office building, building, squares, architecture\" srcset=\"https:\/\/db-coatings.eu\/wp-content\/uploads\/2025\/06\/g054351478f6150097fa7ed2b5a66ac8667abbd638f005ca3288b2f9b8274c9a5fcf88e8aa7a356de1895cfd82a3dae9a7f8aaafcebd02576cf22fcb46c55b331_1280-7122932.jpg 719w, https:\/\/db-coatings.eu\/wp-content\/uploads\/2025\/06\/g054351478f6150097fa7ed2b5a66ac8667abbd638f005ca3288b2f9b8274c9a5fcf88e8aa7a356de1895cfd82a3dae9a7f8aaafcebd02576cf22fcb46c55b331_1280-7122932-169x300.jpg 169w, https:\/\/db-coatings.eu\/wp-content\/uploads\/2025\/06\/g054351478f6150097fa7ed2b5a66ac8667abbd638f005ca3288b2f9b8274c9a5fcf88e8aa7a356de1895cfd82a3dae9a7f8aaafcebd02576cf22fcb46c55b331_1280-7122932-575x1024.jpg 575w\" sizes=\"(max-width: 719px) 100vw, 719px\" \/><\/figure><div class=\"elementor-image-box-content\"><h4 class=\"elementor-image-box-title\">Nowoczesna Elewacja Aluminiowa<\/h4><p class=\"elementor-image-box-description\">Trwa\u0142a pow\u0142oka proszkowa z atestem QUALICOAT dla budynku biurowego.\n\n<\/p><\/div><\/div>\t\t\t\t<\/div>\n\t\t\t\t<\/div>\n\t\t\t\t<div class=\"elementor-element elementor-element-209969d elementor-widget__width-initial elementor-widget-mobile__width-inherit elementor-position-top elementor-widget elementor-widget-image-box\" data-id=\"209969d\" data-element_type=\"widget\" data-widget_type=\"image-box.default\">\n\t\t\t\t<div class=\"elementor-widget-container\">\n\t\t\t\t\t<div class=\"elementor-image-box-wrapper\"><figure class=\"elementor-image-box-img\"><img decoding=\"async\" width=\"720\" height=\"1280\" src=\"https:\/\/db-coatings.eu\/wp-content\/uploads\/2025\/06\/g82f7ef45713c90e8b63a820c702fdd87cc697df7a279fbee979a189231faf1dc35d35833a9e83b89b9c0c80b4aa12a60f6971a6ec7121dd9b3389aea1193e565_1280-2855445.jpg\" class=\"attachment-full size-full wp-image-985\" alt=\"railway, apple juice, construction, metal, steel, steel construction\" srcset=\"https:\/\/db-coatings.eu\/wp-content\/uploads\/2025\/06\/g82f7ef45713c90e8b63a820c702fdd87cc697df7a279fbee979a189231faf1dc35d35833a9e83b89b9c0c80b4aa12a60f6971a6ec7121dd9b3389aea1193e565_1280-2855445.jpg 720w, https:\/\/db-coatings.eu\/wp-content\/uploads\/2025\/06\/g82f7ef45713c90e8b63a820c702fdd87cc697df7a279fbee979a189231faf1dc35d35833a9e83b89b9c0c80b4aa12a60f6971a6ec7121dd9b3389aea1193e565_1280-2855445-169x300.jpg 169w, https:\/\/db-coatings.eu\/wp-content\/uploads\/2025\/06\/g82f7ef45713c90e8b63a820c702fdd87cc697df7a279fbee979a189231faf1dc35d35833a9e83b89b9c0c80b4aa12a60f6971a6ec7121dd9b3389aea1193e565_1280-2855445-576x1024.jpg 576w\" sizes=\"(max-width: 720px) 100vw, 720px\" \/><\/figure><div class=\"elementor-image-box-content\"><h4 class=\"elementor-image-box-title\">Pow\u0142oka Antykorozyjna Dla Konstrukcji Stalowych<\/h4><p class=\"elementor-image-box-description\"><p data-start=\"1827\" data-end=\"1942\">Idealne rozwi\u0105zanie dla przemys\u0142u ci\u0119\u017ckiego i budowlanego.<\/p><\/p><\/div><\/div>\t\t\t\t<\/div>\n\t\t\t\t<\/div>\n\t\t\t\t\t<\/div>\n\t\t\t\t<\/div>\n\t\t\t\t<\/div>\n\t\t\t\t\t<\/div>\n\t\t\t\t<\/div>\n\t\t<div class=\"elementor-element elementor-element-19f73d5 e-flex e-con-boxed e-con e-parent\" data-id=\"19f73d5\" data-element_type=\"container\" data-settings=\"{&quot;background_background&quot;:&quot;classic&quot;}\">\n\t\t\t\t\t<div class=\"e-con-inner\">\n\t\t<div class=\"elementor-element elementor-element-6eb36f3 e-con-full e-flex e-con e-child\" data-id=\"6eb36f3\" data-element_type=\"container\">\n\t\t\t\t<div class=\"elementor-element elementor-element-43edbc6 elementor-widget elementor-widget-heading\" data-id=\"43edbc6\" data-element_type=\"widget\" data-widget_type=\"heading.default\">\n\t\t\t\t<div class=\"elementor-widget-container\">\n\t\t\t\t\t<h3 class=\"elementor-heading-title elementor-size-default\"><p data-start=\"1373\" data-end=\"1511\">Wsp\u00f3\u0142pracujemy z klientami w Polsce i za granic\u0105, zapewniaj\u0105c pe\u0142ne wsparcie techniczne i handlowe.<span style=\"font-size: 1.73333rem;font-style: inherit\"><\/span><\/p><\/h3>\t\t\t\t<\/div>\n\t\t\t\t<\/div>\n\t\t\t\t<\/div>\n\t\t<div class=\"elementor-element elementor-element-5ca044e e-con-full e-flex e-con e-child\" data-id=\"5ca044e\" data-element_type=\"container\">\n\t\t\t\t<div class=\"elementor-element elementor-element-fc3825c elementor-align-right elementor-mobile-align-center elementor-widget elementor-widget-button\" data-id=\"fc3825c\" data-element_type=\"widget\" data-widget_type=\"button.default\">\n\t\t\t\t<div class=\"elementor-widget-container\">\n\t\t\t\t\t\t\t\t\t<div class=\"elementor-button-wrapper\">\n\t\t\t\t\t<a class=\"elementor-button elementor-button-link elementor-size-sm\" href=\"#\">\n\t\t\t\t\t\t<span class=\"elementor-button-content-wrapper\">\n\t\t\t\t\t\t\t\t\t<span class=\"elementor-button-text\">Wi\u0119cej<\/span>\n\t\t\t\t\t<\/span>\n\t\t\t\t\t<\/a>\n\t\t\t\t<\/div>\n\t\t\t\t\t\t\t\t<\/div>\n\t\t\t\t<\/div>\n\t\t\t\t<\/div>\n\t\t\t\t\t<\/div>\n\t\t\t\t<\/div>\n\t\t<div class=\"elementor-element elementor-element-b04976c e-flex e-con-boxed e-con e-parent\" data-id=\"b04976c\" data-element_type=\"container\" data-settings=\"{&quot;background_background&quot;:&quot;gradient&quot;}\">\n\t\t\t\t\t<div class=\"e-con-inner\">\n\t\t\t\t<div class=\"elementor-element elementor-element-becdcc0 elementor-arrows-position-outside elementor-pagination-position-outside elementor-widget elementor-widget-image-carousel\" data-id=\"becdcc0\" data-element_type=\"widget\" data-settings=\"{&quot;navigation&quot;:&quot;both&quot;,&quot;autoplay&quot;:&quot;yes&quot;,&quot;pause_on_hover&quot;:&quot;yes&quot;,&quot;pause_on_interaction&quot;:&quot;yes&quot;,&quot;autoplay_speed&quot;:5000,&quot;infinite&quot;:&quot;yes&quot;,&quot;speed&quot;:500}\" data-widget_type=\"image-carousel.default\">\n\t\t\t\t<div class=\"elementor-widget-container\">\n\t\t\t\t\t\t\t<div class=\"elementor-image-carousel-wrapper swiper\" role=\"region\" aria-roledescription=\"carousel\" aria-label=\"Karuzela obrazk\u00f3w\" dir=\"ltr\">\n\t\t\t<div class=\"elementor-image-carousel swiper-wrapper\" aria-live=\"off\">\n\t\t\t\t\t\t\t\t<div class=\"swiper-slide\" role=\"group\" aria-roledescription=\"slide\" aria-label=\"1 of 5\"><figure class=\"swiper-slide-inner\"><img decoding=\"async\" class=\"swiper-slide-image\" src=\"https:\/\/db-coatings.eu\/wp-content\/uploads\/2025\/06\/element-log-300x93.jpg\" alt=\"element log\" \/><\/figure><\/div><div class=\"swiper-slide\" role=\"group\" aria-roledescription=\"slide\" aria-label=\"2 of 5\"><figure class=\"swiper-slide-inner\"><img decoding=\"async\" class=\"swiper-slide-image\" src=\"https:\/\/db-coatings.eu\/wp-content\/uploads\/2025\/06\/qualicoat_logo_teaser_1200x675-300x169.jpg\" alt=\"qualicoat_logo_teaser_1200x675\" \/><\/figure><\/div><div class=\"swiper-slide\" role=\"group\" aria-roledescription=\"slide\" aria-label=\"3 of 5\"><figure class=\"swiper-slide-inner\"><img decoding=\"async\" class=\"swiper-slide-image\" src=\"https:\/\/db-coatings.eu\/wp-content\/uploads\/2025\/06\/Logo_kontakt-300x89.webp\" alt=\"Logo_kontakt\" \/><\/figure><\/div><div class=\"swiper-slide\" role=\"group\" aria-roledescription=\"slide\" aria-label=\"4 of 5\"><figure class=\"swiper-slide-inner\"><img decoding=\"async\" class=\"swiper-slide-image\" src=\"https:\/\/db-coatings.eu\/wp-content\/uploads\/2025\/06\/consus_logo-300x115.jpg\" alt=\"consus_logo\" \/><\/figure><\/div><div class=\"swiper-slide\" role=\"group\" aria-roledescription=\"slide\" aria-label=\"5 of 5\"><figure class=\"swiper-slide-inner\"><img decoding=\"async\" class=\"swiper-slide-image\" src=\"https:\/\/db-coatings.eu\/wp-content\/uploads\/2025\/06\/NOWE-LOGO-1-300x300.png\" alt=\"db coatings czarne\" \/><\/figure><\/div>\t\t\t<\/div>\n\t\t\t\t\t\t\t\t\t\t\t\t<div class=\"elementor-swiper-button elementor-swiper-button-prev\" role=\"button\" tabindex=\"0\">\n\t\t\t\t\t\t<i aria-hidden=\"true\" class=\"eicon-chevron-left\"><\/i>\t\t\t\t\t<\/div>\n\t\t\t\t\t<div class=\"elementor-swiper-button elementor-swiper-button-next\" role=\"button\" tabindex=\"0\">\n\t\t\t\t\t\t<i aria-hidden=\"true\" class=\"eicon-chevron-right\"><\/i>\t\t\t\t\t<\/div>\n\t\t\t\t\n\t\t\t\t\t\t\t\t\t<div class=\"swiper-pagination\"><\/div>\n\t\t\t\t\t\t\t\t\t<\/div>\n\t\t\t\t\t\t<\/div>\n\t\t\t\t<\/div>\n\t\t\t\t\t<\/div>\n\t\t\t\t<\/div>\n\t\t\t\t<\/div>\n\t\t","protected":false},"excerpt":{"rendered":"<p>DB-Coatings \u2013 Farby proszkowe Nie pytaj sk\u0105d mamy tyle proszku \u2013 zapytaj, w jakim kolorze. Nasza oferta to nie tylko szeroka gama farb proszkowych, ale r\u00f3wnie\u017c fachowe doradztwo, szybka obs\u0142uga i konkurencyjne ceny.\u00a0 Obs\u0142ugujemy klient\u00f3w indywidualnych, przemys\u0142 oraz lakiernie na ca\u0142ym \u015bwiecie. Czytaj wi\u0119cej Us\u0142ugi Us\u0142ugi, Kt\u00f3re Wspieraj\u0105 Tw\u00f3j Proces Lakierniczy Dob\u00f3r Kolor\u00f3w, Malowanie Pr\u00f3bek, [&hellip;]<\/p>\n","protected":false},"author":1,"featured_media":0,"parent":0,"menu_order":0,"comment_status":"closed","ping_status":"closed","template":"","meta":{"site-sidebar-layout":"no-sidebar","site-content-layout":"page-builder","ast-site-content-layout":"full-width-container","site-content-style":"unboxed","site-sidebar-style":"unboxed","ast-global-header-display":"","ast-banner-title-visibility":"","ast-main-header-display":"","ast-hfb-above-header-display":"","ast-hfb-below-header-display":"","ast-hfb-mobile-header-display":"","site-post-title":"disabled","ast-breadcrumbs-content":"","ast-featured-img":"disabled","footer-sml-layout":"","ast-disable-related-posts":"","theme-transparent-header-meta":"enabled","adv-header-id-meta":"","stick-header-meta":"","header-above-stick-meta":"","header-main-stick-meta":"","header-below-stick-meta":"","astra-migrate-meta-layouts":"set","ast-page-background-enabled":"default","ast-page-background-meta":{"desktop":{"background-color":"","background-image":"","background-repeat":"repeat","background-position":"center center","background-size":"auto","background-attachment":"scroll","background-type":"","background-media":"","overlay-type":"","overlay-color":"","overlay-opacity":"","overlay-gradient":""},"tablet":{"background-color":"","background-image":"","background-repeat":"repeat","background-position":"center center","background-size":"auto","background-attachment":"scroll","background-type":"","background-media":"","overlay-type":"","overlay-color":"","overlay-opacity":"","overlay-gradient":""},"mobile":{"background-color":"","background-image":"","background-repeat":"repeat","background-position":"center center","background-size":"auto","background-attachment":"scroll","background-type":"","background-media":"","overlay-type":"","overlay-color":"","overlay-opacity":"","overlay-gradient":""}},"ast-content-background-meta":{"desktop":{"background-color":"var(--ast-global-color-5)","background-image":"","background-repeat":"repeat","background-position":"center center","background-size":"auto","background-attachment":"scroll","background-type":"","background-media":"","overlay-type":"","overlay-color":"","overlay-opacity":"","overlay-gradient":""},"tablet":{"background-color":"var(--ast-global-color-5)","background-image":"","background-repeat":"repeat","background-position":"center center","background-size":"auto","background-attachment":"scroll","background-type":"","background-media":"","overlay-type":"","overlay-color":"","overlay-opacity":"","overlay-gradient":""},"mobile":{"background-color":"var(--ast-global-color-5)","background-image":"","background-repeat":"repeat","background-position":"center center","background-size":"auto","background-attachment":"scroll","background-type":"","background-media":"","overlay-type":"","overlay-color":"","overlay-opacity":"","overlay-gradient":""}},"footnotes":""},"class_list":["post-125","page","type-page","status-publish","hentry"],"_links":{"self":[{"href":"https:\/\/db-coatings.eu\/index.php?rest_route=\/wp\/v2\/pages\/125","targetHints":{"allow":["GET"]}}],"collection":[{"href":"https:\/\/db-coatings.eu\/index.php?rest_route=\/wp\/v2\/pages"}],"about":[{"href":"https:\/\/db-coatings.eu\/index.php?rest_route=\/wp\/v2\/types\/page"}],"author":[{"embeddable":true,"href":"https:\/\/db-coatings.eu\/index.php?rest_route=\/wp\/v2\/users\/1"}],"replies":[{"embeddable":true,"href":"https:\/\/db-coatings.eu\/index.php?rest_route=%2Fwp%2Fv2%2Fcomments&post=125"}],"version-history":[{"count":51,"href":"https:\/\/db-coatings.eu\/index.php?rest_route=\/wp\/v2\/pages\/125\/revisions"}],"predecessor-version":[{"id":1140,"href":"https:\/\/db-coatings.eu\/index.php?rest_route=\/wp\/v2\/pages\/125\/revisions\/1140"}],"wp:attachment":[{"href":"https:\/\/db-coatings.eu\/index.php?rest_route=%2Fwp%2Fv2%2Fmedia&parent=125"}],"curies":[{"name":"wp","href":"https:\/\/api.w.org\/{rel}","templated":true}]}}